{"id":6877,"date":"2025-12-18T15:46:02","date_gmt":"2025-12-18T15:46:02","guid":{"rendered":"https:\/\/www.spaceupbrasil.com\/work-with-us\/"},"modified":"2026-01-05T12:04:23","modified_gmt":"2026-01-05T12:04:23","slug":"work-with-us","status":"publish","type":"page","link":"https:\/\/www.spaceupbrasil.com\/en\/work-with-us\/","title":{"rendered":"Work with us"},"content":{"rendered":"\t\t<div data-elementor-type=\"wp-page\" data-elementor-id=\"6877\" class=\"elementor elementor-6877 elementor-6850\" data-elementor-post-type=\"page\">\n\t\t\t\t\t\t<section class=\"elementor-section elementor-top-section elementor-element elementor-element-5a7916d elementor-section-height-full elementor-section-content-top elementor-section-stretched elementor-section-boxed elementor-section-height-default elementor-section-items-middle wpr-particle-no wpr-jarallax-no wpr-parallax-no wpr-sticky-section-no\" data-id=\"5a7916d\" data-element_type=\"section\" data-settings=\"{&quot;background_background&quot;:&quot;classic&quot;,&quot;stretch_section&quot;:&quot;section-stretched&quot;}\">\n\t\t\t\t\t\t\t<div class=\"elementor-background-overlay\"><\/div>\n\t\t\t\t\t\t\t<div class=\"elementor-container elementor-column-gap-default\">\n\t\t\t\t\t<div class=\"elementor-column elementor-col-100 elementor-top-column elementor-element elementor-element-394a31c\" data-id=\"394a31c\" data-element_type=\"column\">\n\t\t\t<div class=\"elementor-widget-wrap elementor-element-populated\">\n\t\t\t\t\t\t<section class=\"elementor-section elementor-inner-section elementor-element elementor-element-b744d7f elementor-hidden-mobile elementor-hidden-tablet elementor-section-boxed elementor-section-height-default elementor-section-height-default wpr-particle-no wpr-jarallax-no wpr-parallax-no wpr-sticky-section-no\" data-id=\"b744d7f\" data-element_type=\"section\">\n\t\t\t\t\t\t<div class=\"elementor-container elementor-column-gap-default\">\n\t\t\t\t\t<div class=\"elementor-column elementor-col-50 elementor-inner-column elementor-element elementor-element-d9a980a elementor-hidden-mobile\" data-id=\"d9a980a\" data-element_type=\"column\" data-settings=\"{&quot;background_background&quot;:&quot;classic&quot;}\">\n\t\t\t<div class=\"elementor-widget-wrap elementor-element-populated\">\n\t\t\t\t\t\t<div class=\"elementor-element elementor-element-a392640 elementor-widget elementor-widget-text-editor\" data-id=\"a392640\" data-element_type=\"widget\" data-widget_type=\"text-editor.default\">\n\t\t\t\t<div class=\"elementor-widget-container\">\n\t\t\t\t\t\t\t\t\t<p style=\"text-align: justify\">SPACEUP is the TDGI brand that operates in the area of workspace remodeling, made up of an experienced and multidisciplinary team, an integral part of the Teixeira Duarte Group.<\/p>\t\t\t\t\t\t\t\t<\/div>\n\t\t\t\t<\/div>\n\t\t\t\t\t<\/div>\n\t\t<\/div>\n\t\t\t\t<div class=\"elementor-column elementor-col-50 elementor-inner-column elementor-element elementor-element-e715d42\" data-id=\"e715d42\" data-element_type=\"column\">\n\t\t\t<div class=\"elementor-widget-wrap\">\n\t\t\t\t\t\t\t<\/div>\n\t\t<\/div>\n\t\t\t\t\t<\/div>\n\t\t<\/section>\n\t\t\t\t<div class=\"elementor-element elementor-element-e26c6d7 elementor-hidden-desktop elementor-hidden-tablet elementor-widget elementor-widget-spacer\" data-id=\"e26c6d7\" data-element_type=\"widget\" data-widget_type=\"spacer.default\">\n\t\t\t\t<div class=\"elementor-widget-container\">\n\t\t\t\t\t\t\t<div class=\"elementor-spacer\">\n\t\t\t<div class=\"elementor-spacer-inner\"><\/div>\n\t\t<\/div>\n\t\t\t\t\t\t<\/div>\n\t\t\t\t<\/div>\n\t\t\t\t<section class=\"elementor-section elementor-inner-section elementor-element elementor-element-230fb27 elementor-hidden-desktop elementor-section-boxed elementor-section-height-default elementor-section-height-default wpr-particle-no wpr-jarallax-no wpr-parallax-no wpr-sticky-section-no\" data-id=\"230fb27\" data-element_type=\"section\">\n\t\t\t\t\t\t<div class=\"elementor-container elementor-column-gap-default\">\n\t\t\t\t\t<div class=\"elementor-column elementor-col-100 elementor-inner-column elementor-element elementor-element-70c2bdc\" data-id=\"70c2bdc\" data-element_type=\"column\" data-settings=\"{&quot;background_background&quot;:&quot;classic&quot;}\">\n\t\t\t<div class=\"elementor-widget-wrap elementor-element-populated\">\n\t\t\t\t\t\t<div class=\"elementor-element elementor-element-55d9d80 elementor-widget elementor-widget-text-editor\" data-id=\"55d9d80\" data-element_type=\"widget\" data-widget_type=\"text-editor.default\">\n\t\t\t\t<div class=\"elementor-widget-container\">\n\t\t\t\t\t\t\t\t\t<p>SPACE<strong>UP<\/strong> is the TDGI brand that operates in the area of workspace remodelling, composed of an experienced and multidisciplinary team, and is an integral part of the Teixeira Duarte Group.<\/p>\t\t\t\t\t\t\t\t<\/div>\n\t\t\t\t<\/div>\n\t\t\t\t\t<\/div>\n\t\t<\/div>\n\t\t\t\t\t<\/div>\n\t\t<\/section>\n\t\t\t\t<div class=\"elementor-element elementor-element-2552aff elementor-hidden-desktop elementor-hidden-tablet elementor-widget elementor-widget-spacer\" data-id=\"2552aff\" data-element_type=\"widget\" data-widget_type=\"spacer.default\">\n\t\t\t\t<div class=\"elementor-widget-container\">\n\t\t\t\t\t\t\t<div class=\"elementor-spacer\">\n\t\t\t<div class=\"elementor-spacer-inner\"><\/div>\n\t\t<\/div>\n\t\t\t\t\t\t<\/div>\n\t\t\t\t<\/div>\n\t\t\t\t\t<\/div>\n\t\t<\/div>\n\t\t\t\t\t<\/div>\n\t\t<\/section>\n\t\t\t\t<section class=\"elementor-section elementor-top-section elementor-element elementor-element-719b454 elementor-section-boxed elementor-section-height-default elementor-section-height-default wpr-particle-no wpr-jarallax-no wpr-parallax-no wpr-sticky-section-no\" data-id=\"719b454\" data-element_type=\"section\" data-settings=\"{&quot;background_background&quot;:&quot;classic&quot;}\">\n\t\t\t\t\t\t<div class=\"elementor-container elementor-column-gap-default\">\n\t\t\t\t\t<div class=\"elementor-column elementor-col-100 elementor-top-column elementor-element elementor-element-f340ec9\" data-id=\"f340ec9\" data-element_type=\"column\">\n\t\t\t<div class=\"elementor-widget-wrap elementor-element-populated\">\n\t\t\t\t\t\t<section class=\"elementor-section elementor-inner-section elementor-element elementor-element-9df6f8a elementor-section-boxed elementor-section-height-default elementor-section-height-default wpr-particle-no wpr-jarallax-no wpr-parallax-no\" data-id=\"9df6f8a\" data-element_type=\"section\">\n\t\t\t\t\t\t<div class=\"elementor-container elementor-column-gap-default\">\n\t\t\t\t\t<div class=\"elementor-column elementor-col-50 elementor-inner-column elementor-element elementor-element-a9cfaa4 elementor-hidden-tablet elementor-hidden-mobile\" data-id=\"a9cfaa4\" data-element_type=\"column\">\n\t\t\t<div class=\"elementor-widget-wrap elementor-element-populated\">\n\t\t\t\t\t\t<div class=\"elementor-element elementor-element-25befa7 elementor-widget elementor-widget-image\" data-id=\"25befa7\" data-element_type=\"widget\" data-widget_type=\"image.default\">\n\t\t\t\t<div class=\"elementor-widget-container\">\n\t\t\t\t\t\t\t\t\t\t\t\t\t\t\t<img decoding=\"async\" width=\"30\" height=\"29\" src=\"https:\/\/www.spaceupbrasil.com\/wp-content\/uploads\/2022\/06\/ICON_space_up_small.png\" class=\"attachment-large size-large wp-image-4067\" alt=\"\" \/>\t\t\t\t\t\t\t\t\t\t\t\t\t\t\t<\/div>\n\t\t\t\t<\/div>\n\t\t\t\t\t<\/div>\n\t\t<\/div>\n\t\t\t\t<div class=\"elementor-column elementor-col-50 elementor-inner-column elementor-element elementor-element-151cf2a\" data-id=\"151cf2a\" data-element_type=\"column\">\n\t\t\t<div class=\"elementor-widget-wrap elementor-element-populated\">\n\t\t\t\t\t\t<div class=\"elementor-element elementor-element-6862865e e-transform e-transform elementor-widget elementor-widget-heading\" data-id=\"6862865e\" data-element_type=\"widget\" data-settings=\"{&quot;_transform_translateX_effect&quot;:{&quot;unit&quot;:&quot;px&quot;,&quot;size&quot;:&quot;&quot;,&quot;sizes&quot;:[]},&quot;_transform_translateX_effect_tablet&quot;:{&quot;unit&quot;:&quot;px&quot;,&quot;size&quot;:&quot;&quot;,&quot;sizes&quot;:[]},&quot;_transform_translateX_effect_mobile&quot;:{&quot;unit&quot;:&quot;px&quot;,&quot;size&quot;:&quot;&quot;,&quot;sizes&quot;:[]},&quot;_transform_translateY_effect&quot;:{&quot;unit&quot;:&quot;px&quot;,&quot;size&quot;:&quot;&quot;,&quot;sizes&quot;:[]},&quot;_transform_translateY_effect_tablet&quot;:{&quot;unit&quot;:&quot;px&quot;,&quot;size&quot;:&quot;&quot;,&quot;sizes&quot;:[]},&quot;_transform_translateY_effect_mobile&quot;:{&quot;unit&quot;:&quot;px&quot;,&quot;size&quot;:&quot;&quot;,&quot;sizes&quot;:[]},&quot;_transform_scale_effect&quot;:{&quot;unit&quot;:&quot;px&quot;,&quot;size&quot;:&quot;&quot;,&quot;sizes&quot;:[]},&quot;_transform_scale_effect_tablet&quot;:{&quot;unit&quot;:&quot;px&quot;,&quot;size&quot;:&quot;&quot;,&quot;sizes&quot;:[]},&quot;_transform_scale_effect_mobile&quot;:{&quot;unit&quot;:&quot;px&quot;,&quot;size&quot;:&quot;&quot;,&quot;sizes&quot;:[]}}\" data-widget_type=\"heading.default\">\n\t\t\t\t<div class=\"elementor-widget-container\">\n\t\t\t\t\t<h2 class=\"elementor-heading-title elementor-size-default\">Discover the job opportunities available<\/h2>\t\t\t\t<\/div>\n\t\t\t\t<\/div>\n\t\t\t\t\t<\/div>\n\t\t<\/div>\n\t\t\t\t\t<\/div>\n\t\t<\/section>\n\t\t\t\t<div class=\"elementor-element elementor-element-6319ab0 elementor-hidden-desktop elementor-widget elementor-widget-spacer\" data-id=\"6319ab0\" data-element_type=\"widget\" data-widget_type=\"spacer.default\">\n\t\t\t\t<div class=\"elementor-widget-container\">\n\t\t\t\t\t\t\t<div class=\"elementor-spacer\">\n\t\t\t<div class=\"elementor-spacer-inner\"><\/div>\n\t\t<\/div>\n\t\t\t\t\t\t<\/div>\n\t\t\t\t<\/div>\n\t\t\t\t<div class=\"elementor-element elementor-element-b17bc90 elementor-widget elementor-widget-text-editor\" data-id=\"b17bc90\" data-element_type=\"widget\" data-widget_type=\"text-editor.default\">\n\t\t\t\t<div class=\"elementor-widget-container\">\n\t\t\t\t\t\t\t\t\t<p style=\"text-align: justify\">If you are looking for challenges and an inspiring work environment, take advantage of this opportunity. We are looking for professionals who are determined to expand their knowledge and concerned with contributing to building a better world. This is a place for creative, innovative, efficient people who are committed to results and respect differences.  <\/p>\t\t\t\t\t\t\t\t<\/div>\n\t\t\t\t<\/div>\n\t\t\t\t<div class=\"elementor-element elementor-element-32b432c elementor-align-justify elementor-widget elementor-widget-button\" data-id=\"32b432c\" data-element_type=\"widget\" data-widget_type=\"button.default\">\n\t\t\t\t<div class=\"elementor-widget-container\">\n\t\t\t\t\t\t\t\t\t<div class=\"elementor-button-wrapper\">\n\t\t\t\t\t<a class=\"elementor-button elementor-button-link elementor-size-sm\" href=\"https:\/\/teixeiraduartebrasil.cvw.io\/?lang=pt-PT\" target=\"_blank\">\n\t\t\t\t\t\t<span class=\"elementor-button-content-wrapper\">\n\t\t\t\t\t\t\t\t\t<span class=\"elementor-button-text\">Be part of this team!<\/span>\n\t\t\t\t\t<\/span>\n\t\t\t\t\t<\/a>\n\t\t\t\t<\/div>\n\t\t\t\t\t\t\t\t<\/div>\n\t\t\t\t<\/div>\n\t\t\t\t\t<\/div>\n\t\t<\/div>\n\t\t\t\t\t<\/div>\n\t\t<\/section>\n\t\t<div class=\"elementor-element elementor-element-681d591 e-flex e-con-boxed wpr-particle-no wpr-jarallax-no wpr-parallax-no wpr-sticky-section-no e-con e-parent\" data-id=\"681d591\" data-element_type=\"container\" data-settings=\"{&quot;background_background&quot;:&quot;classic&quot;}\">\n\t\t\t\t\t<div class=\"e-con-inner\">\n\t\t\t\t<div class=\"elementor-element elementor-element-9825b76 elementor-widget elementor-widget-text-editor\" data-id=\"9825b76\" data-element_type=\"widget\" data-widget_type=\"text-editor.default\">\n\t\t\t\t<div class=\"elementor-widget-container\">\n\t\t\t\t\t\t\t\t\t<p style=\"text-align: justify\"><strong><em>WARNING:<\/em><\/strong><\/p><p style=\"text-align: justify\"><em>We would like to clarify that at no point during any ongoing recruitment processes are candidates required to provide any information about credit cards or other means of payment and, above all, we do not request any advance payment for this purpose. Furthermore, the recruitment of employees is always completed through a face-to-face process. <\/em><\/p><p style=\"text-align: justify\"><em><em>Do not respond, send any information, or pay any amount if requested to do so by SPACE<strong>UP<\/strong>, TDGI, or Teixeira Duarte, as this is not standard practice.<\/em><\/em><\/p>\t\t\t\t\t\t\t\t<\/div>\n\t\t\t\t<\/div>\n\t\t\t\t\t<\/div>\n\t\t\t\t<\/div>\n\t\t\t\t<\/div>\n\t\t","protected":false},"excerpt":{"rendered":"<p>SPACEUP is the TDGI brand that operates in the area of workspace remodeling, made up of an experienced and multidisciplinary team, an integral part of the Teixeira Duarte Group. SPACEUP is the TDGI brand that operates in the area of workspace remodelling, composed of an experienced and multidisciplinary team, and is an integral part of the Teixeira Duarte Group. Discover the job opportunities available If you are looking for challenges and an inspiring work environment, take advantage of this opportunity. We are looking for professionals who are determined to expand their knowledge and concerned with contributing to building a better world. This is a place for creative, innovative, efficient people who are committed to results and respect differences. Be part of this team! WARNING: We would like to clarify that at no point during any ongoing recruitment processes are candidates required to provide any information about credit cards or other means of payment and, above all, we do not request any advance payment for this purpose. Furthermore, the recruitment of employees is always completed through a face-to-face process. Do not respond, send any information, or pay any amount if requested to do so by SPACEUP, TDGI, or Teixeira Duarte, as this is not standard practice.<\/p>\n","protected":false},"author":3,"featured_media":4387,"parent":0,"menu_order":1,"comment_status":"closed","ping_status":"closed","template":"","meta":{"_acf_changed":false,"footnotes":""},"class_list":["post-6877","page","type-page","status-publish","has-post-thumbnail","hentry"],"acf":[],"yoast_head":"<!-- This site is optimized with the Yoast SEO Premium plugin v22.2 (Yoast SEO v26.6) - https:\/\/yoast.com\/wordpress\/plugins\/seo\/ -->\n<title>Work with us<\/title>\n<meta name=\"description\" content=\"SPACEUP operates in the field of workspace remodeling, with an experienced and multidisciplinary team.\" \/>\n<meta name=\"robots\" content=\"index, follow, max-snippet:-1, max-image-preview:large, max-video-preview:-1\" \/>\n<link rel=\"canonical\" href=\"https:\/\/www.spaceupbrasil.com\/en\/work-with-us\/\" \/>\n<meta property=\"og:locale\" content=\"en_US\" \/>\n<meta property=\"og:type\" content=\"article\" \/>\n<meta property=\"og:title\" content=\"Work with us\" \/>\n<meta property=\"og:description\" content=\"SPACEUP operates in the field of workspace remodeling, with an experienced and multidisciplinary team.\" \/>\n<meta property=\"og:url\" content=\"https:\/\/www.spaceupbrasil.com\/en\/work-with-us\/\" \/>\n<meta property=\"og:site_name\" content=\"SPACEUP BRASIL\" \/>\n<meta property=\"article:modified_time\" content=\"2026-01-05T12:04:23+00:00\" \/>\n<meta property=\"og:image\" content=\"https:\/\/www.spaceupbrasil.com\/wp-content\/uploads\/2022\/12\/SPACEUP_circle_logo_bullet.png\" \/>\n\t<meta property=\"og:image:width\" content=\"81\" \/>\n\t<meta property=\"og:image:height\" content=\"81\" \/>\n\t<meta property=\"og:image:type\" content=\"image\/png\" \/>\n<meta name=\"twitter:card\" content=\"summary_large_image\" \/>\n<meta name=\"twitter:label1\" content=\"Est. reading time\" \/>\n\t<meta name=\"twitter:data1\" content=\"1 minute\" \/>\n<script type=\"application\/ld+json\" class=\"yoast-schema-graph\">{\"@context\":\"https:\/\/schema.org\",\"@graph\":[{\"@type\":\"WebPage\",\"@id\":\"https:\/\/www.spaceupbrasil.com\/en\/work-with-us\/\",\"url\":\"https:\/\/www.spaceupbrasil.com\/en\/work-with-us\/\",\"name\":\"Work with us\",\"isPartOf\":{\"@id\":\"https:\/\/www.spaceupbrasil.com\/en\/#website\"},\"primaryImageOfPage\":{\"@id\":\"https:\/\/www.spaceupbrasil.com\/en\/work-with-us\/#primaryimage\"},\"image\":{\"@id\":\"https:\/\/www.spaceupbrasil.com\/en\/work-with-us\/#primaryimage\"},\"thumbnailUrl\":\"https:\/\/www.spaceupbrasil.com\/wp-content\/uploads\/2022\/12\/SPACEUP_circle_logo_bullet.png\",\"datePublished\":\"2025-12-18T15:46:02+00:00\",\"dateModified\":\"2026-01-05T12:04:23+00:00\",\"description\":\"SPACEUP operates in the field of workspace remodeling, with an experienced and multidisciplinary team.\",\"breadcrumb\":{\"@id\":\"https:\/\/www.spaceupbrasil.com\/en\/work-with-us\/#breadcrumb\"},\"inLanguage\":\"en-US\",\"potentialAction\":[{\"@type\":\"ReadAction\",\"target\":[\"https:\/\/www.spaceupbrasil.com\/en\/work-with-us\/\"]}]},{\"@type\":\"ImageObject\",\"inLanguage\":\"en-US\",\"@id\":\"https:\/\/www.spaceupbrasil.com\/en\/work-with-us\/#primaryimage\",\"url\":\"https:\/\/www.spaceupbrasil.com\/wp-content\/uploads\/2022\/12\/SPACEUP_circle_logo_bullet.png\",\"contentUrl\":\"https:\/\/www.spaceupbrasil.com\/wp-content\/uploads\/2022\/12\/SPACEUP_circle_logo_bullet.png\",\"width\":81,\"height\":81,\"caption\":\"fit-out escrit\u00f3rios remodela\u00e7\u00e3o de espa\u00e7os\"},{\"@type\":\"BreadcrumbList\",\"@id\":\"https:\/\/www.spaceupbrasil.com\/en\/work-with-us\/#breadcrumb\",\"itemListElement\":[{\"@type\":\"ListItem\",\"position\":1,\"name\":\"In\u00edcio\",\"item\":\"https:\/\/www.spaceupbrasil.com\/en\/\"},{\"@type\":\"ListItem\",\"position\":2,\"name\":\"Work with us\"}]},{\"@type\":\"WebSite\",\"@id\":\"https:\/\/www.spaceupbrasil.com\/en\/#website\",\"url\":\"https:\/\/www.spaceupbrasil.com\/en\/\",\"name\":\"SPACEUP BRASIL\",\"description\":\"by TDGI\",\"publisher\":{\"@id\":\"https:\/\/www.spaceupbrasil.com\/en\/#organization\"},\"potentialAction\":[{\"@type\":\"SearchAction\",\"target\":{\"@type\":\"EntryPoint\",\"urlTemplate\":\"https:\/\/www.spaceupbrasil.com\/en\/?s={search_term_string}\"},\"query-input\":{\"@type\":\"PropertyValueSpecification\",\"valueRequired\":true,\"valueName\":\"search_term_string\"}}],\"inLanguage\":\"en-US\"},{\"@type\":\"Organization\",\"@id\":\"https:\/\/www.spaceupbrasil.com\/en\/#organization\",\"name\":\"SPACEUP BRASIL\",\"url\":\"https:\/\/www.spaceupbrasil.com\/en\/\",\"logo\":{\"@type\":\"ImageObject\",\"inLanguage\":\"en-US\",\"@id\":\"https:\/\/www.spaceupbrasil.com\/en\/#\/schema\/logo\/image\/\",\"url\":\"https:\/\/www.spaceupbrasil.com\/wp-content\/uploads\/2025\/12\/cropped-cropped-spaceupbrasil.png\",\"contentUrl\":\"https:\/\/www.spaceupbrasil.com\/wp-content\/uploads\/2025\/12\/cropped-cropped-spaceupbrasil.png\",\"width\":334,\"height\":95,\"caption\":\"SPACEUP BRASIL\"},\"image\":{\"@id\":\"https:\/\/www.spaceupbrasil.com\/en\/#\/schema\/logo\/image\/\"}}]}<\/script>\n<!-- \/ Yoast SEO Premium plugin. -->","yoast_head_json":{"title":"Work with us","description":"SPACEUP operates in the field of workspace remodeling, with an experienced and multidisciplinary team.","robots":{"index":"index","follow":"follow","max-snippet":"max-snippet:-1","max-image-preview":"max-image-preview:large","max-video-preview":"max-video-preview:-1"},"canonical":"https:\/\/www.spaceupbrasil.com\/en\/work-with-us\/","og_locale":"en_US","og_type":"article","og_title":"Work with us","og_description":"SPACEUP operates in the field of workspace remodeling, with an experienced and multidisciplinary team.","og_url":"https:\/\/www.spaceupbrasil.com\/en\/work-with-us\/","og_site_name":"SPACEUP BRASIL","article_modified_time":"2026-01-05T12:04:23+00:00","og_image":[{"width":81,"height":81,"url":"https:\/\/www.spaceupbrasil.com\/wp-content\/uploads\/2022\/12\/SPACEUP_circle_logo_bullet.png","type":"image\/png"}],"twitter_card":"summary_large_image","twitter_misc":{"Est. reading time":"1 minute"},"schema":{"@context":"https:\/\/schema.org","@graph":[{"@type":"WebPage","@id":"https:\/\/www.spaceupbrasil.com\/en\/work-with-us\/","url":"https:\/\/www.spaceupbrasil.com\/en\/work-with-us\/","name":"Work with us","isPartOf":{"@id":"https:\/\/www.spaceupbrasil.com\/en\/#website"},"primaryImageOfPage":{"@id":"https:\/\/www.spaceupbrasil.com\/en\/work-with-us\/#primaryimage"},"image":{"@id":"https:\/\/www.spaceupbrasil.com\/en\/work-with-us\/#primaryimage"},"thumbnailUrl":"https:\/\/www.spaceupbrasil.com\/wp-content\/uploads\/2022\/12\/SPACEUP_circle_logo_bullet.png","datePublished":"2025-12-18T15:46:02+00:00","dateModified":"2026-01-05T12:04:23+00:00","description":"SPACEUP operates in the field of workspace remodeling, with an experienced and multidisciplinary team.","breadcrumb":{"@id":"https:\/\/www.spaceupbrasil.com\/en\/work-with-us\/#breadcrumb"},"inLanguage":"en-US","potentialAction":[{"@type":"ReadAction","target":["https:\/\/www.spaceupbrasil.com\/en\/work-with-us\/"]}]},{"@type":"ImageObject","inLanguage":"en-US","@id":"https:\/\/www.spaceupbrasil.com\/en\/work-with-us\/#primaryimage","url":"https:\/\/www.spaceupbrasil.com\/wp-content\/uploads\/2022\/12\/SPACEUP_circle_logo_bullet.png","contentUrl":"https:\/\/www.spaceupbrasil.com\/wp-content\/uploads\/2022\/12\/SPACEUP_circle_logo_bullet.png","width":81,"height":81,"caption":"fit-out escrit\u00f3rios remodela\u00e7\u00e3o de espa\u00e7os"},{"@type":"BreadcrumbList","@id":"https:\/\/www.spaceupbrasil.com\/en\/work-with-us\/#breadcrumb","itemListElement":[{"@type":"ListItem","position":1,"name":"In\u00edcio","item":"https:\/\/www.spaceupbrasil.com\/en\/"},{"@type":"ListItem","position":2,"name":"Work with us"}]},{"@type":"WebSite","@id":"https:\/\/www.spaceupbrasil.com\/en\/#website","url":"https:\/\/www.spaceupbrasil.com\/en\/","name":"SPACEUP BRASIL","description":"by TDGI","publisher":{"@id":"https:\/\/www.spaceupbrasil.com\/en\/#organization"},"potentialAction":[{"@type":"SearchAction","target":{"@type":"EntryPoint","urlTemplate":"https:\/\/www.spaceupbrasil.com\/en\/?s={search_term_string}"},"query-input":{"@type":"PropertyValueSpecification","valueRequired":true,"valueName":"search_term_string"}}],"inLanguage":"en-US"},{"@type":"Organization","@id":"https:\/\/www.spaceupbrasil.com\/en\/#organization","name":"SPACEUP BRASIL","url":"https:\/\/www.spaceupbrasil.com\/en\/","logo":{"@type":"ImageObject","inLanguage":"en-US","@id":"https:\/\/www.spaceupbrasil.com\/en\/#\/schema\/logo\/image\/","url":"https:\/\/www.spaceupbrasil.com\/wp-content\/uploads\/2025\/12\/cropped-cropped-spaceupbrasil.png","contentUrl":"https:\/\/www.spaceupbrasil.com\/wp-content\/uploads\/2025\/12\/cropped-cropped-spaceupbrasil.png","width":334,"height":95,"caption":"SPACEUP BRASIL"},"image":{"@id":"https:\/\/www.spaceupbrasil.com\/en\/#\/schema\/logo\/image\/"}}]}},"_links":{"self":[{"href":"https:\/\/www.spaceupbrasil.com\/en\/wp-json\/wp\/v2\/pages\/6877","targetHints":{"allow":["GET"]}}],"collection":[{"href":"https:\/\/www.spaceupbrasil.com\/en\/wp-json\/wp\/v2\/pages"}],"about":[{"href":"https:\/\/www.spaceupbrasil.com\/en\/wp-json\/wp\/v2\/types\/page"}],"author":[{"embeddable":true,"href":"https:\/\/www.spaceupbrasil.com\/en\/wp-json\/wp\/v2\/users\/3"}],"replies":[{"embeddable":true,"href":"https:\/\/www.spaceupbrasil.com\/en\/wp-json\/wp\/v2\/comments?post=6877"}],"version-history":[{"count":5,"href":"https:\/\/www.spaceupbrasil.com\/en\/wp-json\/wp\/v2\/pages\/6877\/revisions"}],"predecessor-version":[{"id":6899,"href":"https:\/\/www.spaceupbrasil.com\/en\/wp-json\/wp\/v2\/pages\/6877\/revisions\/6899"}],"wp:featuredmedia":[{"embeddable":true,"href":"https:\/\/www.spaceupbrasil.com\/en\/wp-json\/wp\/v2\/media\/4387"}],"wp:attachment":[{"href":"https:\/\/www.spaceupbrasil.com\/en\/wp-json\/wp\/v2\/media?parent=6877"}],"curies":[{"name":"wp","href":"https:\/\/api.w.org\/{rel}","templated":true}]}}