{"id":4534,"date":"2022-02-11T12:28:07","date_gmt":"2022-02-11T12:28:07","guid":{"rendered":"https:\/\/www.spaceupbrasil.com\/about-us\/"},"modified":"2025-12-19T10:48:02","modified_gmt":"2025-12-19T10:48:02","slug":"about-us","status":"publish","type":"page","link":"https:\/\/www.spaceupbrasil.com\/en\/about-us\/","title":{"rendered":"About us"},"content":{"rendered":"\t\t<div data-elementor-type=\"wp-page\" data-elementor-id=\"4534\" class=\"elementor elementor-4534 elementor-866\" data-elementor-post-type=\"page\">\n\t\t\t\t\t\t<section class=\"elementor-section elementor-top-section elementor-element elementor-element-5a7916d elementor-section-height-full elementor-section-content-top elementor-section-stretched elementor-section-boxed elementor-section-height-default elementor-section-items-middle wpr-particle-no wpr-jarallax-no wpr-parallax-no wpr-sticky-section-no\" data-id=\"5a7916d\" data-element_type=\"section\" data-settings=\"{&quot;background_background&quot;:&quot;classic&quot;,&quot;stretch_section&quot;:&quot;section-stretched&quot;}\">\n\t\t\t\t\t\t\t<div class=\"elementor-background-overlay\"><\/div>\n\t\t\t\t\t\t\t<div class=\"elementor-container elementor-column-gap-default\">\n\t\t\t\t\t<div class=\"elementor-column elementor-col-100 elementor-top-column elementor-element elementor-element-394a31c\" data-id=\"394a31c\" data-element_type=\"column\">\n\t\t\t<div class=\"elementor-widget-wrap elementor-element-populated\">\n\t\t\t\t\t\t<section class=\"elementor-section elementor-inner-section elementor-element elementor-element-b744d7f elementor-hidden-mobile elementor-hidden-tablet elementor-section-boxed elementor-section-height-default elementor-section-height-default wpr-particle-no wpr-jarallax-no wpr-parallax-no wpr-sticky-section-no\" data-id=\"b744d7f\" data-element_type=\"section\">\n\t\t\t\t\t\t<div class=\"elementor-container elementor-column-gap-default\">\n\t\t\t\t\t<div class=\"elementor-column elementor-col-50 elementor-inner-column elementor-element elementor-element-d9a980a elementor-hidden-mobile\" data-id=\"d9a980a\" data-element_type=\"column\" data-settings=\"{&quot;background_background&quot;:&quot;classic&quot;}\">\n\t\t\t<div class=\"elementor-widget-wrap elementor-element-populated\">\n\t\t\t\t\t\t<div class=\"elementor-element elementor-element-a392640 elementor-widget elementor-widget-text-editor\" data-id=\"a392640\" data-element_type=\"widget\" data-widget_type=\"text-editor.default\">\n\t\t\t\t<div class=\"elementor-widget-container\">\n\t\t\t\t\t\t\t\t\t<p style=\"text-align: justify\">SPACEUP is the TDGI brand that operates in the area of workspace remodeling, made up of an experienced and multidisciplinary team, an integral part of the Teixeira Duarte Group.<\/p>\t\t\t\t\t\t\t\t<\/div>\n\t\t\t\t<\/div>\n\t\t\t\t\t<\/div>\n\t\t<\/div>\n\t\t\t\t<div class=\"elementor-column elementor-col-50 elementor-inner-column elementor-element elementor-element-e715d42\" data-id=\"e715d42\" data-element_type=\"column\">\n\t\t\t<div class=\"elementor-widget-wrap\">\n\t\t\t\t\t\t\t<\/div>\n\t\t<\/div>\n\t\t\t\t\t<\/div>\n\t\t<\/section>\n\t\t\t\t<div class=\"elementor-element elementor-element-e26c6d7 elementor-hidden-desktop elementor-hidden-tablet elementor-widget elementor-widget-spacer\" data-id=\"e26c6d7\" data-element_type=\"widget\" data-widget_type=\"spacer.default\">\n\t\t\t\t<div class=\"elementor-widget-container\">\n\t\t\t\t\t\t\t<div class=\"elementor-spacer\">\n\t\t\t<div class=\"elementor-spacer-inner\"><\/div>\n\t\t<\/div>\n\t\t\t\t\t\t<\/div>\n\t\t\t\t<\/div>\n\t\t\t\t<section class=\"elementor-section elementor-inner-section elementor-element elementor-element-230fb27 elementor-hidden-desktop elementor-section-boxed elementor-section-height-default elementor-section-height-default wpr-particle-no wpr-jarallax-no wpr-parallax-no wpr-sticky-section-no\" data-id=\"230fb27\" data-element_type=\"section\">\n\t\t\t\t\t\t<div class=\"elementor-container elementor-column-gap-default\">\n\t\t\t\t\t<div class=\"elementor-column elementor-col-100 elementor-inner-column elementor-element elementor-element-70c2bdc\" data-id=\"70c2bdc\" data-element_type=\"column\" data-settings=\"{&quot;background_background&quot;:&quot;classic&quot;}\">\n\t\t\t<div class=\"elementor-widget-wrap elementor-element-populated\">\n\t\t\t\t\t\t<div class=\"elementor-element elementor-element-55d9d80 elementor-widget elementor-widget-text-editor\" data-id=\"55d9d80\" data-element_type=\"widget\" data-widget_type=\"text-editor.default\">\n\t\t\t\t<div class=\"elementor-widget-container\">\n\t\t\t\t\t\t\t\t\t<p>SPACE<strong>UP<\/strong> is the TDGI brand that operates in the area of workspace remodelling, composed of an experienced and multidisciplinary team, and is an integral part of the Teixeira Duarte Group.<\/p>\t\t\t\t\t\t\t\t<\/div>\n\t\t\t\t<\/div>\n\t\t\t\t\t<\/div>\n\t\t<\/div>\n\t\t\t\t\t<\/div>\n\t\t<\/section>\n\t\t\t\t<div class=\"elementor-element elementor-element-2552aff elementor-hidden-desktop elementor-hidden-tablet elementor-widget elementor-widget-spacer\" data-id=\"2552aff\" data-element_type=\"widget\" data-widget_type=\"spacer.default\">\n\t\t\t\t<div class=\"elementor-widget-container\">\n\t\t\t\t\t\t\t<div class=\"elementor-spacer\">\n\t\t\t<div class=\"elementor-spacer-inner\"><\/div>\n\t\t<\/div>\n\t\t\t\t\t\t<\/div>\n\t\t\t\t<\/div>\n\t\t\t\t\t<\/div>\n\t\t<\/div>\n\t\t\t\t\t<\/div>\n\t\t<\/section>\n\t\t\t\t<section class=\"elementor-section elementor-top-section elementor-element elementor-element-719b454 elementor-section-boxed elementor-section-height-default elementor-section-height-default wpr-particle-no wpr-jarallax-no wpr-parallax-no wpr-sticky-section-no\" data-id=\"719b454\" data-element_type=\"section\">\n\t\t\t\t\t\t<div class=\"elementor-container elementor-column-gap-default\">\n\t\t\t\t\t<div class=\"elementor-column elementor-col-100 elementor-top-column elementor-element elementor-element-f340ec9\" data-id=\"f340ec9\" data-element_type=\"column\">\n\t\t\t<div class=\"elementor-widget-wrap elementor-element-populated\">\n\t\t\t\t\t\t<section class=\"elementor-section elementor-inner-section elementor-element elementor-element-9df6f8a elementor-section-boxed elementor-section-height-default elementor-section-height-default wpr-particle-no wpr-jarallax-no wpr-parallax-no\" data-id=\"9df6f8a\" data-element_type=\"section\">\n\t\t\t\t\t\t<div class=\"elementor-container elementor-column-gap-default\">\n\t\t\t\t\t<div class=\"elementor-column elementor-col-50 elementor-inner-column elementor-element elementor-element-a9cfaa4 elementor-hidden-tablet elementor-hidden-mobile\" data-id=\"a9cfaa4\" data-element_type=\"column\">\n\t\t\t<div class=\"elementor-widget-wrap elementor-element-populated\">\n\t\t\t\t\t\t<div class=\"elementor-element elementor-element-25befa7 elementor-widget elementor-widget-image\" data-id=\"25befa7\" data-element_type=\"widget\" data-widget_type=\"image.default\">\n\t\t\t\t<div class=\"elementor-widget-container\">\n\t\t\t\t\t\t\t\t\t\t\t\t\t\t\t<img decoding=\"async\" width=\"30\" height=\"29\" src=\"https:\/\/www.spaceupbrasil.com\/wp-content\/uploads\/2022\/06\/ICON_space_up_small.png\" class=\"attachment-large size-large wp-image-4067\" alt=\"\" \/>\t\t\t\t\t\t\t\t\t\t\t\t\t\t\t<\/div>\n\t\t\t\t<\/div>\n\t\t\t\t\t<\/div>\n\t\t<\/div>\n\t\t\t\t<div class=\"elementor-column elementor-col-50 elementor-inner-column elementor-element elementor-element-151cf2a\" data-id=\"151cf2a\" data-element_type=\"column\">\n\t\t\t<div class=\"elementor-widget-wrap elementor-element-populated\">\n\t\t\t\t\t\t<div class=\"elementor-element elementor-element-6862865e elementor-widget elementor-widget-heading\" data-id=\"6862865e\" data-element_type=\"widget\" data-widget_type=\"heading.default\">\n\t\t\t\t<div class=\"elementor-widget-container\">\n\t\t\t\t\t<h2 class=\"elementor-heading-title elementor-size-default\">About us<\/h2>\t\t\t\t<\/div>\n\t\t\t\t<\/div>\n\t\t\t\t\t<\/div>\n\t\t<\/div>\n\t\t\t\t\t<\/div>\n\t\t<\/section>\n\t\t\t\t<section class=\"elementor-section elementor-inner-section elementor-element elementor-element-51772b8 elementor-section-boxed elementor-section-height-default elementor-section-height-default wpr-particle-no wpr-jarallax-no wpr-parallax-no wpr-sticky-section-no\" data-id=\"51772b8\" data-element_type=\"section\">\n\t\t\t\t\t\t<div class=\"elementor-container elementor-column-gap-default\">\n\t\t\t\t\t<div class=\"elementor-column elementor-col-50 elementor-inner-column elementor-element elementor-element-815bece\" data-id=\"815bece\" data-element_type=\"column\">\n\t\t\t<div class=\"elementor-widget-wrap elementor-element-populated\">\n\t\t\t\t\t\t<div class=\"elementor-element elementor-element-c412962 elementor-widget elementor-widget-text-editor\" data-id=\"c412962\" data-element_type=\"widget\" data-widget_type=\"text-editor.default\">\n\t\t\t\t<div class=\"elementor-widget-container\">\n\t\t\t\t\t\t\t\t\t<p style=\"text-align: justify\"><strong>TDGI<\/strong>, the maintenance and Facilities Management company of the Teixeira Duarte Group, has been working for more than 15 years in the area of refurbishment of work spaces, within the scope of its activity and meeting the needs of its clients.<\/p><p style=\"text-align: justify\">In 2023, <strong>SPACEUP<\/strong> was created as a renewal of the identity of this area of activity, maintaining its focus on the management and execution of interior works with different scales of intervention.<\/p><p style=\"text-align: justify\">With a well-defined methodology for each phase of the process, our team thinks, plans and executes the objectives set by our clients. It operates in the industrial, corporate, health, retail and hotel sectors.<\/p>\t\t\t\t\t\t\t\t<\/div>\n\t\t\t\t<\/div>\n\t\t\t\t\t<\/div>\n\t\t<\/div>\n\t\t\t\t<div class=\"elementor-column elementor-col-50 elementor-inner-column elementor-element elementor-element-261ff2c\" data-id=\"261ff2c\" data-element_type=\"column\" data-settings=\"{&quot;background_background&quot;:&quot;classic&quot;}\">\n\t\t\t<div class=\"elementor-widget-wrap elementor-element-populated\">\n\t\t\t\t\t\t<div class=\"elementor-element elementor-element-62aa4b0 elementor-widget elementor-widget-image\" data-id=\"62aa4b0\" data-element_type=\"widget\" data-widget_type=\"image.default\">\n\t\t\t\t<div class=\"elementor-widget-container\">\n\t\t\t\t\t\t\t\t\t\t\t\t\t\t\t<img fetchpriority=\"high\" decoding=\"async\" width=\"537\" height=\"380\" src=\"https:\/\/www.spaceupbrasil.com\/wp-content\/uploads\/2022\/12\/SPACEUP_sobre_nos.jpg\" class=\"attachment-full size-full wp-image-4409\" alt=\"\" srcset=\"https:\/\/www.spaceupbrasil.com\/wp-content\/uploads\/2022\/12\/SPACEUP_sobre_nos.jpg 537w, https:\/\/www.spaceupbrasil.com\/wp-content\/uploads\/2022\/12\/SPACEUP_sobre_nos-300x212.jpg 300w\" sizes=\"(max-width: 537px) 100vw, 537px\" \/>\t\t\t\t\t\t\t\t\t\t\t\t\t\t\t<\/div>\n\t\t\t\t<\/div>\n\t\t\t\t\t<\/div>\n\t\t<\/div>\n\t\t\t\t\t<\/div>\n\t\t<\/section>\n\t\t\t\t<div class=\"elementor-element elementor-element-6319ab0 elementor-hidden-desktop elementor-widget elementor-widget-spacer\" data-id=\"6319ab0\" data-element_type=\"widget\" data-widget_type=\"spacer.default\">\n\t\t\t\t<div class=\"elementor-widget-container\">\n\t\t\t\t\t\t\t<div class=\"elementor-spacer\">\n\t\t\t<div class=\"elementor-spacer-inner\"><\/div>\n\t\t<\/div>\n\t\t\t\t\t\t<\/div>\n\t\t\t\t<\/div>\n\t\t\t\t<div class=\"elementor-element elementor-element-b17bc90 elementor-widget elementor-widget-text-editor\" data-id=\"b17bc90\" data-element_type=\"widget\" data-widget_type=\"text-editor.default\">\n\t\t\t\t<div class=\"elementor-widget-container\">\n\t\t\t\t\t\t\t\t\t<p style=\"text-align: justify\">Interacting with all the necessary valences and guaranteeing the appropriate legal framework, quality parameters, deadlines, sustainability, safety and well-being, the team works with the values and mission of the Teixeira Duarte Group: &#8220;Ingenuity, Truth and Commitment &#8211; Doing, contributing to the construction of a better world&#8221;.<\/p>\t\t\t\t\t\t\t\t<\/div>\n\t\t\t\t<\/div>\n\t\t\t\t\t<\/div>\n\t\t<\/div>\n\t\t\t\t\t<\/div>\n\t\t<\/section>\n\t\t\t\t<\/div>\n\t\t","protected":false},"excerpt":{"rendered":"<p>SPACEUP is the TDGI brand that operates in the area of workspace remodeling, made up of an experienced and multidisciplinary team, an integral part of the Teixeira Duarte Group. SPACEUP is the TDGI brand that operates in the area of workspace remodelling, composed of an experienced and multidisciplinary team, and is an integral part of the Teixeira Duarte Group. About us TDGI, the maintenance and Facilities Management company of the Teixeira Duarte Group, has been working for more than 15 years in the area of refurbishment of work spaces, within the scope of its activity and meeting the needs of its clients. In 2023, SPACEUP was created as a renewal of the identity of this area of activity, maintaining its focus on the management and execution of interior works with different scales of intervention. With a well-defined methodology for each phase of the process, our team thinks, plans and executes the objectives set by our clients. It operates in the industrial, corporate, health, retail and hotel sectors. Interacting with all the necessary valences and guaranteeing the appropriate legal framework, quality parameters, deadlines, sustainability, safety and well-being, the team works with the values and mission of the Teixeira Duarte Group: &#8220;Ingenuity, Truth and Commitment &#8211; Doing, contributing to the construction of a better world&#8221;.<\/p>\n","protected":false},"author":1,"featured_media":4387,"parent":0,"menu_order":1,"comment_status":"closed","ping_status":"closed","template":"","meta":{"_acf_changed":false,"footnotes":""},"class_list":["post-4534","page","type-page","status-publish","has-post-thumbnail","hentry"],"acf":[],"yoast_head":"<!-- This site is optimized with the Yoast SEO Premium plugin v22.2 (Yoast SEO v26.6) - https:\/\/yoast.com\/wordpress\/plugins\/seo\/ -->\n<title>Fit-Out Projects and Refurbishment of SPACEUP Spaces<\/title>\n<meta name=\"description\" content=\"In 2023, SPACEUP emerged as an identity renewal company working on fit-out projects and remodeling workspaces\" \/>\n<meta name=\"robots\" content=\"index, follow, max-snippet:-1, max-image-preview:large, max-video-preview:-1\" \/>\n<link rel=\"canonical\" href=\"https:\/\/www.spaceupbrasil.com\/en\/about-us\/\" \/>\n<meta property=\"og:locale\" content=\"en_US\" \/>\n<meta property=\"og:type\" content=\"article\" \/>\n<meta property=\"og:title\" content=\"About us\" \/>\n<meta property=\"og:description\" content=\"In 2023, SPACEUP emerged as an identity renewal company working on fit-out projects and remodeling workspaces\" \/>\n<meta property=\"og:url\" content=\"https:\/\/www.spaceupbrasil.com\/en\/about-us\/\" \/>\n<meta property=\"og:site_name\" content=\"SPACEUP BRASIL\" \/>\n<meta property=\"article:modified_time\" content=\"2025-12-19T10:48:02+00:00\" \/>\n<meta property=\"og:image\" content=\"https:\/\/www.spaceupbrasil.com\/wp-content\/uploads\/2022\/12\/SPACEUP_circle_logo_bullet.png\" \/>\n\t<meta property=\"og:image:width\" content=\"81\" \/>\n\t<meta property=\"og:image:height\" content=\"81\" \/>\n\t<meta property=\"og:image:type\" content=\"image\/png\" \/>\n<meta name=\"twitter:card\" content=\"summary_large_image\" \/>\n<meta name=\"twitter:label1\" content=\"Est. reading time\" \/>\n\t<meta name=\"twitter:data1\" content=\"1 minute\" \/>\n<script type=\"application\/ld+json\" class=\"yoast-schema-graph\">{\"@context\":\"https:\/\/schema.org\",\"@graph\":[{\"@type\":\"WebPage\",\"@id\":\"https:\/\/www.spaceupbrasil.com\/en\/about-us\/\",\"url\":\"https:\/\/www.spaceupbrasil.com\/en\/about-us\/\",\"name\":\"Fit-Out Projects and Refurbishment of SPACEUP Spaces\",\"isPartOf\":{\"@id\":\"https:\/\/www.spaceupbrasil.com\/en\/#website\"},\"primaryImageOfPage\":{\"@id\":\"https:\/\/www.spaceupbrasil.com\/en\/about-us\/#primaryimage\"},\"image\":{\"@id\":\"https:\/\/www.spaceupbrasil.com\/en\/about-us\/#primaryimage\"},\"thumbnailUrl\":\"https:\/\/www.spaceupbrasil.com\/wp-content\/uploads\/2022\/12\/SPACEUP_circle_logo_bullet.png\",\"datePublished\":\"2022-02-11T12:28:07+00:00\",\"dateModified\":\"2025-12-19T10:48:02+00:00\",\"description\":\"In 2023, SPACEUP emerged as an identity renewal company working on fit-out projects and remodeling workspaces\",\"breadcrumb\":{\"@id\":\"https:\/\/www.spaceupbrasil.com\/en\/about-us\/#breadcrumb\"},\"inLanguage\":\"en-US\",\"potentialAction\":[{\"@type\":\"ReadAction\",\"target\":[\"https:\/\/www.spaceupbrasil.com\/en\/about-us\/\"]}]},{\"@type\":\"ImageObject\",\"inLanguage\":\"en-US\",\"@id\":\"https:\/\/www.spaceupbrasil.com\/en\/about-us\/#primaryimage\",\"url\":\"https:\/\/www.spaceupbrasil.com\/wp-content\/uploads\/2022\/12\/SPACEUP_circle_logo_bullet.png\",\"contentUrl\":\"https:\/\/www.spaceupbrasil.com\/wp-content\/uploads\/2022\/12\/SPACEUP_circle_logo_bullet.png\",\"width\":81,\"height\":81,\"caption\":\"fit-out escrit\u00f3rios remodela\u00e7\u00e3o de espa\u00e7os\"},{\"@type\":\"BreadcrumbList\",\"@id\":\"https:\/\/www.spaceupbrasil.com\/en\/about-us\/#breadcrumb\",\"itemListElement\":[{\"@type\":\"ListItem\",\"position\":1,\"name\":\"In\u00edcio\",\"item\":\"https:\/\/www.spaceupbrasil.com\/en\/\"},{\"@type\":\"ListItem\",\"position\":2,\"name\":\"About us\"}]},{\"@type\":\"WebSite\",\"@id\":\"https:\/\/www.spaceupbrasil.com\/en\/#website\",\"url\":\"https:\/\/www.spaceupbrasil.com\/en\/\",\"name\":\"SPACEUP BRASIL\",\"description\":\"by TDGI\",\"publisher\":{\"@id\":\"https:\/\/www.spaceupbrasil.com\/en\/#organization\"},\"potentialAction\":[{\"@type\":\"SearchAction\",\"target\":{\"@type\":\"EntryPoint\",\"urlTemplate\":\"https:\/\/www.spaceupbrasil.com\/en\/?s={search_term_string}\"},\"query-input\":{\"@type\":\"PropertyValueSpecification\",\"valueRequired\":true,\"valueName\":\"search_term_string\"}}],\"inLanguage\":\"en-US\"},{\"@type\":\"Organization\",\"@id\":\"https:\/\/www.spaceupbrasil.com\/en\/#organization\",\"name\":\"SPACEUP BRASIL\",\"url\":\"https:\/\/www.spaceupbrasil.com\/en\/\",\"logo\":{\"@type\":\"ImageObject\",\"inLanguage\":\"en-US\",\"@id\":\"https:\/\/www.spaceupbrasil.com\/en\/#\/schema\/logo\/image\/\",\"url\":\"https:\/\/www.spaceupbrasil.com\/wp-content\/uploads\/2025\/12\/cropped-cropped-spaceupbrasil.png\",\"contentUrl\":\"https:\/\/www.spaceupbrasil.com\/wp-content\/uploads\/2025\/12\/cropped-cropped-spaceupbrasil.png\",\"width\":334,\"height\":95,\"caption\":\"SPACEUP BRASIL\"},\"image\":{\"@id\":\"https:\/\/www.spaceupbrasil.com\/en\/#\/schema\/logo\/image\/\"}}]}<\/script>\n<!-- \/ Yoast SEO Premium plugin. -->","yoast_head_json":{"title":"Fit-Out Projects and Refurbishment of SPACEUP Spaces","description":"In 2023, SPACEUP emerged as an identity renewal company working on fit-out projects and remodeling workspaces","robots":{"index":"index","follow":"follow","max-snippet":"max-snippet:-1","max-image-preview":"max-image-preview:large","max-video-preview":"max-video-preview:-1"},"canonical":"https:\/\/www.spaceupbrasil.com\/en\/about-us\/","og_locale":"en_US","og_type":"article","og_title":"About us","og_description":"In 2023, SPACEUP emerged as an identity renewal company working on fit-out projects and remodeling workspaces","og_url":"https:\/\/www.spaceupbrasil.com\/en\/about-us\/","og_site_name":"SPACEUP BRASIL","article_modified_time":"2025-12-19T10:48:02+00:00","og_image":[{"width":81,"height":81,"url":"https:\/\/www.spaceupbrasil.com\/wp-content\/uploads\/2022\/12\/SPACEUP_circle_logo_bullet.png","type":"image\/png"}],"twitter_card":"summary_large_image","twitter_misc":{"Est. reading time":"1 minute"},"schema":{"@context":"https:\/\/schema.org","@graph":[{"@type":"WebPage","@id":"https:\/\/www.spaceupbrasil.com\/en\/about-us\/","url":"https:\/\/www.spaceupbrasil.com\/en\/about-us\/","name":"Fit-Out Projects and Refurbishment of SPACEUP Spaces","isPartOf":{"@id":"https:\/\/www.spaceupbrasil.com\/en\/#website"},"primaryImageOfPage":{"@id":"https:\/\/www.spaceupbrasil.com\/en\/about-us\/#primaryimage"},"image":{"@id":"https:\/\/www.spaceupbrasil.com\/en\/about-us\/#primaryimage"},"thumbnailUrl":"https:\/\/www.spaceupbrasil.com\/wp-content\/uploads\/2022\/12\/SPACEUP_circle_logo_bullet.png","datePublished":"2022-02-11T12:28:07+00:00","dateModified":"2025-12-19T10:48:02+00:00","description":"In 2023, SPACEUP emerged as an identity renewal company working on fit-out projects and remodeling workspaces","breadcrumb":{"@id":"https:\/\/www.spaceupbrasil.com\/en\/about-us\/#breadcrumb"},"inLanguage":"en-US","potentialAction":[{"@type":"ReadAction","target":["https:\/\/www.spaceupbrasil.com\/en\/about-us\/"]}]},{"@type":"ImageObject","inLanguage":"en-US","@id":"https:\/\/www.spaceupbrasil.com\/en\/about-us\/#primaryimage","url":"https:\/\/www.spaceupbrasil.com\/wp-content\/uploads\/2022\/12\/SPACEUP_circle_logo_bullet.png","contentUrl":"https:\/\/www.spaceupbrasil.com\/wp-content\/uploads\/2022\/12\/SPACEUP_circle_logo_bullet.png","width":81,"height":81,"caption":"fit-out escrit\u00f3rios remodela\u00e7\u00e3o de espa\u00e7os"},{"@type":"BreadcrumbList","@id":"https:\/\/www.spaceupbrasil.com\/en\/about-us\/#breadcrumb","itemListElement":[{"@type":"ListItem","position":1,"name":"In\u00edcio","item":"https:\/\/www.spaceupbrasil.com\/en\/"},{"@type":"ListItem","position":2,"name":"About us"}]},{"@type":"WebSite","@id":"https:\/\/www.spaceupbrasil.com\/en\/#website","url":"https:\/\/www.spaceupbrasil.com\/en\/","name":"SPACEUP BRASIL","description":"by TDGI","publisher":{"@id":"https:\/\/www.spaceupbrasil.com\/en\/#organization"},"potentialAction":[{"@type":"SearchAction","target":{"@type":"EntryPoint","urlTemplate":"https:\/\/www.spaceupbrasil.com\/en\/?s={search_term_string}"},"query-input":{"@type":"PropertyValueSpecification","valueRequired":true,"valueName":"search_term_string"}}],"inLanguage":"en-US"},{"@type":"Organization","@id":"https:\/\/www.spaceupbrasil.com\/en\/#organization","name":"SPACEUP BRASIL","url":"https:\/\/www.spaceupbrasil.com\/en\/","logo":{"@type":"ImageObject","inLanguage":"en-US","@id":"https:\/\/www.spaceupbrasil.com\/en\/#\/schema\/logo\/image\/","url":"https:\/\/www.spaceupbrasil.com\/wp-content\/uploads\/2025\/12\/cropped-cropped-spaceupbrasil.png","contentUrl":"https:\/\/www.spaceupbrasil.com\/wp-content\/uploads\/2025\/12\/cropped-cropped-spaceupbrasil.png","width":334,"height":95,"caption":"SPACEUP BRASIL"},"image":{"@id":"https:\/\/www.spaceupbrasil.com\/en\/#\/schema\/logo\/image\/"}}]}},"_links":{"self":[{"href":"https:\/\/www.spaceupbrasil.com\/en\/wp-json\/wp\/v2\/pages\/4534","targetHints":{"allow":["GET"]}}],"collection":[{"href":"https:\/\/www.spaceupbrasil.com\/en\/wp-json\/wp\/v2\/pages"}],"about":[{"href":"https:\/\/www.spaceupbrasil.com\/en\/wp-json\/wp\/v2\/types\/page"}],"author":[{"embeddable":true,"href":"https:\/\/www.spaceupbrasil.com\/en\/wp-json\/wp\/v2\/users\/1"}],"replies":[{"embeddable":true,"href":"https:\/\/www.spaceupbrasil.com\/en\/wp-json\/wp\/v2\/comments?post=4534"}],"version-history":[{"count":3,"href":"https:\/\/www.spaceupbrasil.com\/en\/wp-json\/wp\/v2\/pages\/4534\/revisions"}],"predecessor-version":[{"id":6876,"href":"https:\/\/www.spaceupbrasil.com\/en\/wp-json\/wp\/v2\/pages\/4534\/revisions\/6876"}],"wp:featuredmedia":[{"embeddable":true,"href":"https:\/\/www.spaceupbrasil.com\/en\/wp-json\/wp\/v2\/media\/4387"}],"wp:attachment":[{"href":"https:\/\/www.spaceupbrasil.com\/en\/wp-json\/wp\/v2\/media?parent=4534"}],"curies":[{"name":"wp","href":"https:\/\/api.w.org\/{rel}","templated":true}]}}